{"id":74481,"date":"2024-03-06T14:15:24","date_gmt":"2024-03-06T13:15:24","guid":{"rendered":"https:\/\/safeblood.lu\/?page_id=74481"},"modified":"2024-05-07T22:39:47","modified_gmt":"2024-05-07T20:39:47","slug":"spanischallgemeinen-geschaeftsbedingungen","status":"publish","type":"page","link":"https:\/\/safeblood.lu\/es\/spanischallgemeinen-geschaeftsbedingungen\/","title":{"rendered":"T\u00e9rminos y Condiciones Generales"},"content":{"rendered":"[vc_row type=\u00bbin_container\u00bb full_screen_row_position=\u00bbmiddle\u00bb column_margin=\u00bbdefault\u00bb column_direction=\u00bbdefault\u00bb column_direction_tablet=\u00bbdefault\u00bb column_direction_phone=\u00bbdefault\u00bb scene_position=\u00bbcenter\u00bb text_color=\u00bbdark\u00bb text_align=\u00bbleft\u00bb row_border_radius=\u00bbnone\u00bb row_border_radius_applies=\u00bbbg\u00bb overlay_strength=\u00bb0.3&#8243; gradient_direction=\u00bbleft_to_right\u00bb shape_divider_position=\u00bbbottom\u00bb bg_image_animation=\u00bbnone\u00bb][vc_column column_padding=\u00bbno-extra-padding\u00bb column_padding_tablet=\u00bbinherit\u00bb column_padding_phone=\u00bbinherit\u00bb column_padding_position=\u00bball\u00bb column_element_spacing=\u00bbdefault\u00bb background_color_opacity=\u00bb1&#8243; background_hover_color_opacity=\u00bb1&#8243; column_shadow=\u00bbnone\u00bb column_border_radius=\u00bbnone\u00bb column_link_target=\u00bb_self\u00bb gradient_direction=\u00bbleft_to_right\u00bb overlay_strength=\u00bb0.3&#8243; width=\u00bb1\/1&#8243; tablet_width_inherit=\u00bbdefault\u00bb tablet_text_alignment=\u00bbdefault\u00bb phone_text_alignment=\u00bbdefault\u00bb bg_image_animation=\u00bbnone\u00bb border_type=\u00bbsimple\u00bb column_border_width=\u00bbnone\u00bb column_border_style=\u00bbsolid\u00bb][vc_column_text]\n<div class=\"page\" title=\"Page 1\">\n<div class=\"section\">\n<div class=\"layoutArea\">\n<div class=\"column\">\n<p>Para continuar con el proceso de registro, por favor lee el texto a continuaci\u00f3n primero. Al hacer clic en el recuadro en la parte inferior, confirmas que has le\u00eddo, entendido y aceptado los t\u00e9rminos y condiciones generales.<\/p>\n<p><strong>T\u00e9rminos y Condiciones Generales<\/strong><\/p>\n<p>Al registrarme como miembro de SafeBlood Donation, reconozco lo siguiente:<\/p>\n<ul>\n<li>Acepto que mi informaci\u00f3n pueda ser utilizada por SafeBlood Donation para encontrar un donante de sangre adecuado. A cambio, SafeBlood Donation se compromete a nunca divulgar esta informaci\u00f3n a terceros. Los nombres solo se revelar\u00e1n y comunicar\u00e1n en el momento en que se encuentren en persona un donante y un receptor.<\/li>\n<li>En el caso de una referencia, el sistema de SafeBlood encuentra un donante adecuado a trav\u00e9s del sitio web y env\u00eda al receptor los detalles de contacto de 4-5 coincidencias. El receptor luego se comunica con ellos para organizar el proceso y la ubicaci\u00f3n de la donaci\u00f3n. Acepto que en caso de una referencia de SafeBlood, se compartir\u00e1n mis datos de contacto con el receptor y pueden contactarme directamente.<\/li>\n<li>Libero de cualquier responsabilidad a los posibles donantes, receptores, instituciones m\u00e9dicas involucradas y a SafeBlood Donation como intermediario.<\/li>\n<li>Completo todos los campos correctamente al ingresar mi informaci\u00f3n. Soy consciente de que la informaci\u00f3n falsa, especialmente sobre mi estado de vacunaci\u00f3n y detalles personales, es enga\u00f1osa y puede resultar no solo en la expulsi\u00f3n inmediata de la asociaci\u00f3n, sino tambi\u00e9n en acciones legales. Es tan importante para m\u00ed como para cualquier otro receptor potencial tener la certeza absoluta de que aqu\u00ed solo se proporcionar\u00e1 sangre de miembros no vacunados.<\/li>\n<li>Soy consciente de que tambi\u00e9n puedo actualizar campos posteriormente en cualquier momento para mantenerlos actualizados. Por ejemplo, si no conozco mi tipo de sangre en el momento del registro, a\u00fan puedo registrarme y agregarlo m\u00e1s tarde. Sin embargo, el funcionamiento del servicio de emparejamiento de donantes de sangre depende de la indicaci\u00f3n correcta de los grupos sangu\u00edneos por parte de todos los miembros, ya que esta es la \u00fanica manera en que puedo encontrar f\u00e1cilmente un donante de sangre para mi grupo sangu\u00edneo en cualquier momento bajo \u00abEncontrar un donante de sangre\u00bb. Del mismo modo, mi direcci\u00f3n debe ser ingresada correctamente para este prop\u00f3sito (calle, n\u00famero, c\u00f3digo postal, ciudad, estado\/distrito), pa\u00eds. De lo contrario, el sistema del operador no podr\u00e1 localizarme.<\/li>\n<li>Durante el registro, despu\u00e9s de aceptar estas condiciones generales, puedo elegir ser solo donante, solo receptor o ambos (predeterminado). No todos quieren o pueden donar sangre (por razones de salud), pero todos son elegibles para recibir sangre a menos que elijan la opci\u00f3n gratuita \u00absolo donante\u00bb.<\/li>\n<li>Acepto los donantes de sangre referidos por SafeBlood Donation y, a cambio (sujeto a razones de salud), me pongo a disposici\u00f3n como donante de sangre si tambi\u00e9n estoy registrado como donante. Si se me pide que done sangre, si puedo hacerlo, viajar\u00e9 a la ubicaci\u00f3n del receptor lo m\u00e1s r\u00e1pido posible dentro de lo que sea posible y razonable. No recibir\u00e9 ninguna compensaci\u00f3n por esto, pero el receptor cubrir\u00e1 los gastos.<\/li>\n<\/ul>\n<\/div>\n<p><input class=\"btn-close closemodale cbutton\" style=\"background: red;\" type=\"button\" value=\"Aceptar y cerrar\" \/><\/p>\n<\/div>\n<\/div>\n<\/div>\n[\/vc_column_text][\/vc_column][\/vc_row]\n","protected":false},"excerpt":{"rendered":"<p>[vc_row type=\u00bbin_container\u00bb full_screen_row_position=\u00bbmiddle\u00bb column_margin=\u00bbdefault\u00bb column_direction=\u00bbdefault\u00bb column_direction_tablet=\u00bbdefault\u00bb column_direction_phone=\u00bbdefault\u00bb scene_position=\u00bbcenter\u00bb text_color=\u00bbdark\u00bb text_align=\u00bbleft\u00bb row_border_radius=\u00bbnone\u00bb row_border_radius_applies=\u00bbbg\u00bb overlay_strength=\u00bb0.3&#8243; gradient_direction=\u00bbleft_to_right\u00bb shape_divider_position=\u00bbbottom\u00bb bg_image_animation=\u00bbnone\u00bb][vc_column column_padding=\u00bbno-extra-padding\u00bb column_padding_tablet=\u00bbinherit\u00bb column_padding_phone=\u00bbinherit\u00bb column_padding_position=\u00bball\u00bb column_element_spacing=\u00bbdefault\u00bb background_color_opacity=\u00bb1&#8243; background_hover_color_opacity=\u00bb1&#8243; column_shadow=\u00bbnone\u00bb column_border_radius=\u00bbnone\u00bb column_link_target=\u00bb_self\u00bb gradient_direction=\u00bbleft_to_right\u00bb overlay_strength=\u00bb0.3&#8243; width=\u00bb1\/1&#8243; tablet_width_inherit=\u00bbdefault\u00bb&#8230;<\/p>\n","protected":false},"author":2,"featured_media":0,"parent":0,"menu_order":0,"comment_status":"closed","ping_status":"closed","template":"","meta":[],"_links":{"self":[{"href":"https:\/\/safeblood.lu\/es\/wp-json\/wp\/v2\/pages\/74481"}],"collection":[{"href":"https:\/\/safeblood.lu\/es\/wp-json\/wp\/v2\/pages"}],"about":[{"href":"https:\/\/safeblood.lu\/es\/wp-json\/wp\/v2\/types\/page"}],"author":[{"embeddable":true,"href":"https:\/\/safeblood.lu\/es\/wp-json\/wp\/v2\/users\/2"}],"replies":[{"embeddable":true,"href":"https:\/\/safeblood.lu\/es\/wp-json\/wp\/v2\/comments?post=74481"}],"version-history":[{"count":5,"href":"https:\/\/safeblood.lu\/es\/wp-json\/wp\/v2\/pages\/74481\/revisions"}],"predecessor-version":[{"id":75820,"href":"https:\/\/safeblood.lu\/es\/wp-json\/wp\/v2\/pages\/74481\/revisions\/75820"}],"wp:attachment":[{"href":"https:\/\/safeblood.lu\/es\/wp-json\/wp\/v2\/media?parent=74481"}],"curies":[{"name":"wp","href":"https:\/\/api.w.org\/{rel}","templated":true}]}}