{"id":74447,"date":"2024-03-05T17:53:37","date_gmt":"2024-03-05T16:53:37","guid":{"rendered":"https:\/\/safeblood.lu\/?page_id=74447"},"modified":"2024-03-06T22:37:36","modified_gmt":"2024-03-06T21:37:36","slug":"edit","status":"publish","type":"page","link":"https:\/\/safeblood.lu\/fr\/edit\/","title":{"rendered":"Devenir membre"},"content":{"rendered":"<h3>Veuillez remplir tous les champs obligatoires ci-dessous (ceux qui sont marqu\u00e9s d&rsquo;une \u00e9toile rouge*). Vous n&rsquo;\u00eates pas membre tant que vous n&rsquo;avez pas sauvegard\u00e9 les donn\u00e9es au bas de la page en cliquant sur \u00ab\u00a0Sauvegarder l&rsquo;entr\u00e9e\u00a0\u00bb.<br \/>\nLes demandes d&rsquo;adh\u00e9sion qui n&rsquo;auront pas \u00e9t\u00e9 compl\u00e9t\u00e9es seront automatiquement supprim\u00e9es par le syst\u00e8me au bout d&rsquo;une semaine.<\/h3>\n<div class=\"error\">Aucun utilisateur n'est connect\u00e9 pour acc\u00e9der \u00e0 cette fonction.<\/div>\n","protected":false},"excerpt":{"rendered":"<p>Veuillez remplir tous les champs obligatoires ci-dessous (ceux qui sont marqu\u00e9s d&rsquo;une \u00e9toile rouge*). Vous n&rsquo;\u00eates pas membre tant que vous n&rsquo;avez pas sauvegard\u00e9 les donn\u00e9es au bas de la&#8230;<\/p>\n","protected":false},"author":2,"featured_media":0,"parent":0,"menu_order":0,"comment_status":"closed","ping_status":"closed","template":"","meta":[],"_links":{"self":[{"href":"https:\/\/safeblood.lu\/fr\/wp-json\/wp\/v2\/pages\/74447"}],"collection":[{"href":"https:\/\/safeblood.lu\/fr\/wp-json\/wp\/v2\/pages"}],"about":[{"href":"https:\/\/safeblood.lu\/fr\/wp-json\/wp\/v2\/types\/page"}],"author":[{"embeddable":true,"href":"https:\/\/safeblood.lu\/fr\/wp-json\/wp\/v2\/users\/2"}],"replies":[{"embeddable":true,"href":"https:\/\/safeblood.lu\/fr\/wp-json\/wp\/v2\/comments?post=74447"}],"version-history":[{"count":5,"href":"https:\/\/safeblood.lu\/fr\/wp-json\/wp\/v2\/pages\/74447\/revisions"}],"predecessor-version":[{"id":74516,"href":"https:\/\/safeblood.lu\/fr\/wp-json\/wp\/v2\/pages\/74447\/revisions\/74516"}],"wp:attachment":[{"href":"https:\/\/safeblood.lu\/fr\/wp-json\/wp\/v2\/media?parent=74447"}],"curies":[{"name":"wp","href":"https:\/\/api.w.org\/{rel}","templated":true}]}}