{"id":68194,"date":"2023-02-11T20:40:14","date_gmt":"2023-02-11T19:40:14","guid":{"rendered":"https:\/\/safeblood.lu\/?page_id=68194"},"modified":"2025-11-04T13:16:41","modified_gmt":"2025-11-04T12:16:41","slug":"safe-blood-foundation","status":"publish","type":"page","link":"https:\/\/safeblood.lu\/it\/","title":{"rendered":"Safe Blood Donation"},"content":{"rendered":"[vc_row type=&#8221;full_width_background&#8221; full_screen_row_position=&#8221;middle&#8221; column_margin=&#8221;default&#8221; equal_height=&#8221;yes&#8221; content_placement=&#8221;bottom&#8221; column_direction=&#8221;default&#8221; column_direction_tablet=&#8221;default&#8221; column_direction_phone=&#8221;default&#8221; bg_color=&#8221;#d1d1ca&#8221; bg_image=&#8221;72801&#8243; bg_position=&#8221;center center&#8221; background_image_loading=&#8221;default&#8221; bg_repeat=&#8221;no-repeat&#8221; scene_position=&#8221;center&#8221; top_padding=&#8221;15%&#8221; bottom_padding=&#8221;13%&#8221; text_color=&#8221;light&#8221; text_align=&#8221;left&#8221; row_border_radius=&#8221;none&#8221; row_border_radius_applies=&#8221;bg&#8221; color_overlay=&#8221;#0a0a0a&#8221; overlay_strength=&#8221;0.3&#8243; gradient_direction=&#8221;left_to_right&#8221; shape_divider_position=&#8221;bottom&#8221; shape_divider_height=&#8221;350&#8243; bg_image_animation=&#8221;fade-in&#8221; parallax_bg=&#8221;true&#8221; parallax_bg_speed=&#8221;fast&#8221; shape_type=&#8221;mountains&#8221;][vc_column column_padding=&#8221;no-extra-padding&#8221; column_padding_tablet=&#8221;inherit&#8221; column_padding_phone=&#8221;inherit&#8221; column_padding_position=&#8221;all&#8221; column_element_spacing=&#8221;default&#8221; background_color_opacity=&#8221;1&#8243; background_hover_color_opacity=&#8221;1&#8243; column_shadow=&#8221;none&#8221; column_border_radius=&#8221;none&#8221; column_link_target=&#8221;_self&#8221; gradient_direction=&#8221;left_to_right&#8221; overlay_strength=&#8221;0.3&#8243; width=&#8221;1\/2&#8243; tablet_width_inherit=&#8221;default&#8221; tablet_text_alignment=&#8221;default&#8221; phone_text_alignment=&#8221;default&#8221; bg_image_animation=&#8221;none&#8221; border_type=&#8221;simple&#8221; column_border_width=&#8221;none&#8221; column_border_style=&#8221;solid&#8221;][vc_row_inner column_margin=&#8221;default&#8221; column_direction=&#8221;default&#8221; column_direction_tablet=&#8221;default&#8221; column_direction_phone=&#8221;default&#8221; text_align=&#8221;left&#8221;][vc_column_inner column_padding=&#8221;no-extra-padding&#8221; column_padding_tablet=&#8221;inherit&#8221; column_padding_phone=&#8221;inherit&#8221; column_padding_position=&#8221;all&#8221; column_element_spacing=&#8221;default&#8221; background_color_opacity=&#8221;1&#8243; background_hover_color_opacity=&#8221;1&#8243; column_shadow=&#8221;none&#8221; column_border_radius=&#8221;none&#8221; column_link_target=&#8221;_self&#8221; gradient_direction=&#8221;left_to_right&#8221; overlay_strength=&#8221;0.3&#8243; width=&#8221;1\/1&#8243; tablet_width_inherit=&#8221;default&#8221; bg_image_animation=&#8221;none&#8221; border_type=&#8221;simple&#8221; column_border_width=&#8221;none&#8221; column_border_style=&#8221;solid&#8221;][split_line_heading animation_type=&#8221;line-reveal-by-space&#8221; font_style=&#8221;h1&#8243; content_alignment=&#8221;default&#8221; mobile_content_alignment=&#8221;inherit&#8221; text_content=&#8221;Protegge il futuro. Protegge l\u2019umanita\u0300. Protegge il nostro sangue.&#8221;][\/split_line_heading][\/vc_column_inner][\/vc_row_inner][vc_row_inner column_margin=&#8221;default&#8221; column_direction=&#8221;default&#8221; column_direction_tablet=&#8221;default&#8221; column_direction_phone=&#8221;default&#8221; text_align=&#8221;left&#8221;][vc_column_inner column_padding=&#8221;no-extra-padding&#8221; column_padding_tablet=&#8221;inherit&#8221; column_padding_phone=&#8221;inherit&#8221; column_padding_position=&#8221;all&#8221; column_element_spacing=&#8221;default&#8221; background_color_opacity=&#8221;1&#8243; background_hover_color_opacity=&#8221;1&#8243; column_shadow=&#8221;none&#8221; column_border_radius=&#8221;none&#8221; column_link_target=&#8221;_self&#8221; gradient_direction=&#8221;left_to_right&#8221; overlay_strength=&#8221;0.3&#8243; width=&#8221;1\/1&#8243; tablet_width_inherit=&#8221;default&#8221; bg_image_animation=&#8221;none&#8221; enable_animation=&#8221;true&#8221; animation=&#8221;fade-in&#8221; border_type=&#8221;simple&#8221; column_border_width=&#8221;none&#8221; column_border_style=&#8221;solid&#8221; delay=&#8221;800&#8243;][nectar_cta btn_style=&#8221;arrow-animation&#8221; heading_tag=&#8221;h4&#8243; text_color=&#8221;#ffffff&#8221; button_color=&#8221;accent-color&#8221; link_type=&#8221;regular&#8221; alignment=&#8221;left&#8221; alignment_tablet=&#8221;default&#8221; alignment_phone=&#8221;default&#8221; display=&#8221;block&#8221; link_text=&#8221;Per saperne di piu\u0300&#8221; url=&#8221;#about&#8221; margin_top=&#8221;30&#8243; padding_top=&#8221;20&#8243; padding_right=&#8221;40&#8243; padding_bottom=&#8221;20&#8243; padding_left=&#8221;40&#8243;][nectar_cta btn_style=&#8221;arrow-animation&#8221; heading_tag=&#8221;h4&#8243; text_color=&#8221;#ffffff&#8221; button_color=&#8221;accent-color&#8221; link_type=&#8221;new_tab&#8221; alignment=&#8221;right&#8221; alignment_tablet=&#8221;default&#8221; alignment_phone=&#8221;default&#8221; display=&#8221;inline&#8221; link_text=&#8221;Iscriviti alla nostra newsletter&#8221; url=&#8221;https:\/\/safeblood.it\/it\/newsletter\/&#8221; margin_top=&#8221;30&#8243; padding_top=&#8221;20&#8243; padding_right=&#8221;40&#8243; padding_bottom=&#8221;20&#8243; padding_left=&#8221;40&#8243;][\/vc_column_inner][\/vc_row_inner][\/vc_column][vc_column column_padding=&#8221;no-extra-padding&#8221; column_padding_tablet=&#8221;inherit&#8221; column_padding_phone=&#8221;inherit&#8221; column_padding_position=&#8221;all&#8221; column_element_spacing=&#8221;default&#8221; background_color_opacity=&#8221;1&#8243; background_hover_color_opacity=&#8221;1&#8243; column_shadow=&#8221;none&#8221; column_border_radius=&#8221;none&#8221; column_link_target=&#8221;_self&#8221; gradient_direction=&#8221;left_to_right&#8221; overlay_strength=&#8221;0.3&#8243; width=&#8221;1\/2&#8243; tablet_width_inherit=&#8221;default&#8221; tablet_text_alignment=&#8221;default&#8221; phone_text_alignment=&#8221;default&#8221; bg_image_animation=&#8221;none&#8221; border_type=&#8221;simple&#8221; column_border_width=&#8221;none&#8221; column_border_style=&#8221;solid&#8221;][\/vc_column][\/vc_row][vc_row type=&#8221;in_container&#8221; full_screen_row_position=&#8221;middle&#8221; column_margin=&#8221;90px&#8221; equal_height=&#8221;yes&#8221; content_placement=&#8221;middle&#8221; column_direction=&#8221;default&#8221; column_direction_tablet=&#8221;default&#8221; column_direction_phone=&#8221;default&#8221; scene_position=&#8221;center&#8221; top_padding=&#8221;3%&#8221; bottom_padding=&#8221;3%&#8221; text_color=&#8221;dark&#8221; text_align=&#8221;left&#8221; row_border_radius=&#8221;none&#8221; row_border_radius_applies=&#8221;bg&#8221; id=&#8221;about&#8221; overlay_strength=&#8221;0.3&#8243; gradient_direction=&#8221;left_to_right&#8221; shape_divider_position=&#8221;bottom&#8221; bg_image_animation=&#8221;none&#8221; shape_type=&#8221;&#8221;][vc_column column_padding=&#8221;padding-5-percent&#8221; column_padding_tablet=&#8221;inherit&#8221; column_padding_phone=&#8221;inherit&#8221; column_padding_position=&#8221;all&#8221; column_element_spacing=&#8221;default&#8221; background_color_opacity=&#8221;1&#8243; background_hover_color_opacity=&#8221;1&#8243; background_image=&#8221;6042&#8243; background_image_position=&#8221;center center&#8221; enable_bg_scale=&#8221;true&#8221; background_image_loading=&#8221;lazy-load&#8221; column_shadow=&#8221;none&#8221; column_border_radius=&#8221;none&#8221; column_link_target=&#8221;_self&#8221; gradient_direction=&#8221;left_to_right&#8221; overlay_strength=&#8221;0.3&#8243; width=&#8221;1\/2&#8243; tablet_width_inherit=&#8221;default&#8221; tablet_text_alignment=&#8221;default&#8221; phone_text_alignment=&#8221;default&#8221; bg_image_animation=&#8221;zoom-out-reveal&#8221; border_type=&#8221;simple&#8221; column_border_width=&#8221;none&#8221; column_border_style=&#8221;solid&#8221;][divider line_type=&#8221;No Line&#8221; custom_height=&#8221;300&#8243;][\/vc_column][vc_column column_padding=&#8221;padding-2-percent&#8221; column_padding_tablet=&#8221;inherit&#8221; column_padding_phone=&#8221;inherit&#8221; column_padding_position=&#8221;top-bottom&#8221; column_element_spacing=&#8221;default&#8221; background_color_opacity=&#8221;1&#8243; background_hover_color_opacity=&#8221;1&#8243; column_shadow=&#8221;none&#8221; column_border_radius=&#8221;none&#8221; column_link_target=&#8221;_self&#8221; gradient_direction=&#8221;left_to_right&#8221; overlay_strength=&#8221;0.3&#8243; width=&#8221;1\/2&#8243; tablet_width_inherit=&#8221;default&#8221; tablet_text_alignment=&#8221;default&#8221; phone_text_alignment=&#8221;default&#8221; bg_image_animation=&#8221;none&#8221; border_type=&#8221;simple&#8221; column_border_width=&#8221;none&#8221; column_border_style=&#8221;solid&#8221;][vc_row_inner column_margin=&#8221;default&#8221; column_direction=&#8221;default&#8221; column_direction_tablet=&#8221;default&#8221; column_direction_phone=&#8221;default&#8221; text_align=&#8221;left&#8221;][vc_column_inner column_padding=&#8221;no-extra-padding&#8221; column_padding_tablet=&#8221;inherit&#8221; column_padding_phone=&#8221;inherit&#8221; column_padding_position=&#8221;all&#8221; column_element_spacing=&#8221;default&#8221; background_color_opacity=&#8221;1&#8243; background_hover_color_opacity=&#8221;1&#8243; column_shadow=&#8221;none&#8221; column_border_radius=&#8221;none&#8221; column_link_target=&#8221;_self&#8221; gradient_direction=&#8221;left_to_right&#8221; overlay_strength=&#8221;0.3&#8243; width=&#8221;1\/1&#8243; tablet_width_inherit=&#8221;default&#8221; bg_image_animation=&#8221;none&#8221; enable_animation=&#8221;true&#8221; animation=&#8221;fade-in-from-bottom&#8221; border_type=&#8221;simple&#8221; column_border_width=&#8221;none&#8221; column_border_style=&#8221;solid&#8221;][vc_column_text css_animation=&#8221;fadeIn&#8221; max_width=&#8221;500&#8243;]Le trasfusioni di sangue vengono effettuate utilizzando sangue conservato, che dopo la donazione subisce un complesso procedimento in cui viene largamente ripulito dai corpi estranei. Il sangue ottenuto in questo modo poteva essere utilizzato per trasfusioni senza alcuna esitazione, fino ad ora.<\/p>\n<p>Con l\u2019avvento delle vaccinazioni ad mRNA completamente nuove (come attualmente con le vaccinazioni Covid) ci troviamo ora di fronte a nuove sfide, dato che le cosiddette \u201cproteine spike\u201d vengono neutralizzate solo in misura sconosciuta. Secondo l\u2019attuale stato della scienza, in questi vaccini un gran numero di additivi non organici e non dichiarati vengono eliminati solo parzialmente dai metodi di depurazione conosciuti. Il microscopio elettronico a campo oscuro mostra la presenza di queste particelle nel sangue persino dopo 6 mesi &#8211; ed alcune non possono nemmeno essere mai piu\u0300 distrutte.<\/p>\n<p>Un gran numero di persone ha preso la decisione consapevole di non farsi per niente vaccinare contro la Sars-Cov-2 e rifiutera\u0300 anche i futuri vaccini a base mRNA, per qualsivoglia ragione. Hanno anche molte riserve riguardo il ricevere trasfusioni di sangue proveniente da donatori vaccinati &#8211; che si tratti di un\u2019emergenza, un\u2019operazione programmata o perche\u0301 hanno bisogno di trasfusioni regolari per altre questioni mediche.[\/vc_column_text][\/vc_column_inner][\/vc_row_inner][\/vc_column][\/vc_row][vc_row type=&#8221;in_container&#8221; full_screen_row_position=&#8221;middle&#8221; column_margin=&#8221;90px&#8221; equal_height=&#8221;yes&#8221; content_placement=&#8221;middle&#8221; column_direction=&#8221;default&#8221; column_direction_tablet=&#8221;default&#8221; column_direction_phone=&#8221;default&#8221; scene_position=&#8221;center&#8221; top_padding=&#8221;0%&#8221; bottom_padding=&#8221;9%&#8221; text_color=&#8221;dark&#8221; text_align=&#8221;left&#8221; row_border_radius=&#8221;none&#8221; row_border_radius_applies=&#8221;bg&#8221; overlay_strength=&#8221;0.3&#8243; gradient_direction=&#8221;left_to_right&#8221; shape_divider_position=&#8221;bottom&#8221; bg_image_animation=&#8221;none&#8221; shape_type=&#8221;&#8221;][vc_column column_padding=&#8221;no-extra-padding&#8221; column_padding_tablet=&#8221;inherit&#8221; column_padding_phone=&#8221;inherit&#8221; column_padding_position=&#8221;top-bottom&#8221; column_element_spacing=&#8221;default&#8221; background_color_opacity=&#8221;1&#8243; background_hover_color_opacity=&#8221;1&#8243; column_shadow=&#8221;none&#8221; column_border_radius=&#8221;none&#8221; column_link_target=&#8221;_self&#8221; gradient_direction=&#8221;left_to_right&#8221; overlay_strength=&#8221;0.3&#8243; width=&#8221;1\/2&#8243; tablet_width_inherit=&#8221;default&#8221; tablet_text_alignment=&#8221;default&#8221; phone_text_alignment=&#8221;default&#8221; bg_image_animation=&#8221;none&#8221; border_type=&#8221;simple&#8221; column_border_width=&#8221;none&#8221; column_border_style=&#8221;solid&#8221;][vc_column_text css_animation=&#8221;fadeIn&#8221; max_width=&#8221;500&#8243; css=&#8221;.vc_custom_1762258596827{margin-top: -50px !important;}&#8221;]Qui e\u0300 dove entra in gioco <strong>Safe Blood Donation<\/strong> come intermediario. Stiamo lavorando per assicurarci che i nostri iscritti, in caso di necessita\u0300, possano ricevere sangue di non vaccinati, sia fresco che conservato. In cambio, si rendono disponibili come donatori di sangue. Chiunque puo\u0300 diventare un membro della nostra Associazione, che sia vaccinato o meno &#8211; ma solo i non vaccinati possono diventare donatori.<\/p>\n<p>Leggete qui, nella nostra <a href=\"https:\/\/safeblood.lu\/wp-content\/uploads\/2025\/11\/SAFEBLOOD-MISSION-STATEMENT-italiano-2025.pdf\" target=\"_blank\" rel=\"noopener\">dichiarazione di missione<\/a>, qual \u00e8 l&#8217;obiettivo principale di SafeBlood.<\/p>\n<p>Purtroppo, i residui delle vaccinazioni a base di mRNA non si trovano solo nel sangue, ma anche nel latte materno e negli organi riproduttivi; per questo motivo il nostro sito gemello <a href=\"https:\/\/safereproduction.net\/\" target=\"_blank\" rel=\"noopener\">safereproduction.net<\/a> \u00e8 dedicato alla mediazione di sperma, ovuli e latte materno senza residui di mRNA.<\/p>\n<p>L\u2019approntamento delle necessarie infrastrutture per SafeBlood necessita di molto tempo e vi stiamo lavorando alla massima velocita\u0300. Siamo gia\u0300 presenti in 50 Paesi dell\u2019Europa Occidentale, negli U.S.A., in Canada, Australia, Asia e varie nazioni africane.<br \/>\nAttualmente abbiamo iscritti in 100 Stati distribuiti su tutto il pianeta, di cui 50 solo negli U.S.A. Per ogni singolo Paese, trovate l\u2019incaricato con cui poter avere un contatto diretto nella pagina <a href=\"https:\/\/safeblood.it\/it\/contatti\/\" target=\"_blank\" rel=\"noopener\">Contattaci.<\/a><\/p>\n<p>Non appena avremo sufficienti partner medici (per la richiesta, la raccolta e il trattamento del sangue), inizieremo con l\u2019arbitrato, e\u00a0nei Paesi in cui \u00e8 possibile, ci stiamo gi\u00e0 organizzando quotidianamente (ad esempio negli Stati Uniti). Come nostro iscritto, su questo sito web puoi di gia\u0300 accedere ad un database (anonimo) dei nostri donatori per <a href=\"https:\/\/safeblood.it\/it\/cerca-gruppi-sanguigni-compatibili\/\" target=\"_blank\" rel=\"noopener\">cercare un donatore compatibile<\/a>, oltre a poter <a href=\"https:\/\/safeblood.it\/it\/cerca-un-partner-sanitario\/\" target=\"_blank\" rel=\"noopener\">cercare il partner medico<\/a>, con l\u2019elenco di tutti gli ospedali ai quali abbiamo chiesto di associarsi a noi, li\u0300 elencati che ci abbiano o meno gia\u0300 dato risposta.<\/p>\n<p>Da sottolineare e\u0300 che non abbiamo intenzione di allestire una nostra banca del sangue privata, in questo momento non e\u0300 possibile per svariate motivazioni legali, ma stiamo ad ogni modo lavorando per rendere possibile la nostra Mission e vi siamo sempre piu\u0300 vicini, di giorno in giorno &#8211; iniziando con l\u2019abbinare i donatori e i riceventi sangue. che riuniamo in una clinica (nostro partner medico) che consente la scelta del donatore di sangue. <strong>Percio\u0300, per il momento non vi e\u0300 ancora una banca del sangue senza mRNA, nemmeno con noi<\/strong>. E, anche se abbiamo di gia\u0300 fatto richiesta a centinaia di cliniche &#8211; per quanto riguarda l\u2019Europa &#8211; quasi tutte si rifiutano ancora di permettere il rispetto del diritto umano alla libera scelta di sangue &#8211; o per lo meno non vogliono essere menzionate, poiche\u0301 temono rappresaglie. Vi abbiamo tuttavia promesso che non ci daremo per vinti fino a quando potremo offrire una rete mondiale di tali cliniche. La buona notizia e\u0300 che ci sono parti del mondo in cui per lo meno la scelta del donatore e\u0300 ancora permessa, come in nella maggior parte dei Paesi dell\u2019Africa, America del Sud, India e la maggior parte degli Stati negli U.S.A.<br \/>\nL&#8217;Italia \u00e8 attualmente l&#8217;unico Paese in Europa dove, almeno in alcuni ospedali, \u00e8 possibile scegliere liberamente un donatore di sangue utilizzando una serie di accorgimenti. \u00c8 complicato e noioso, ma almeno alcuni dei nostri soci ci sono riusciti.<\/p>\n<p>Per ulteriori informazioni, iscrivetevi alla nostra <a href=\"https:\/\/safeblood.it\/it\/newsletter\/\" target=\"_blank\" rel=\"noopener\">newsletter<\/a>, inviateci <a href=\"mailto:info@safeblood.it\" target=\"_blank\" rel=\"noopener\">un\u2019e-mail<\/a> e consultate questa pagina con regolarita\u0300. Prima di inviarci un\u2019interrogazione, consultate la nostra <a href=\"https:\/\/safeblood.it\/en\/faqs\/\" target=\"_blank\" rel=\"noopener\">pagina FAQ<\/a> (in corso) per verificare che non vi sia gia\u0300 stata pubblicata la risposta.<\/p>\n<p><strong>Georg Della Pietra<\/strong><\/p>\n<h5>Fondatore <a href=\"https:\/\/safeblood.net\/\" target=\"_blank\" rel=\"noopener\">SafeBlood<\/a> e\u00a0<a href=\"https:\/\/safereproduction.net\/\" target=\"_blank\" rel=\"noopener\">Safereproduction<\/a><br \/>\n<a href=\"https:\/\/safeblood.lu\/wp-content\/uploads\/2023\/06\/george-della-pietra-scaled.jpg\" target=\"_blank\" rel=\"noopener\"><img loading=\"lazy\" class=\"alignleft size-medium wp-image-70717\" src=\"https:\/\/safeblood.lu\/wp-content\/uploads\/2023\/06\/george-della-pietra-300x204.jpg\" alt=\"\" width=\"300\" height=\"204\" srcset=\"https:\/\/safeblood.lu\/wp-content\/uploads\/2023\/06\/george-della-pietra-300x204.jpg 300w, https:\/\/safeblood.lu\/wp-content\/uploads\/2023\/06\/george-della-pietra-1024x697.jpg 1024w, https:\/\/safeblood.lu\/wp-content\/uploads\/2023\/06\/george-della-pietra-768x523.jpg 768w, https:\/\/safeblood.lu\/wp-content\/uploads\/2023\/06\/george-della-pietra-1536x1046.jpg 1536w, https:\/\/safeblood.lu\/wp-content\/uploads\/2023\/06\/george-della-pietra-2048x1394.jpg 2048w\" sizes=\"(max-width: 300px) 100vw, 300px\" \/><\/a><\/h5>\n[\/vc_column_text][vc_column_text]<div class=\"nectar-cta alignment_tablet_default alignment_phone_default loaded\" data-color=\"accent-color\" data-using-bg=\"true\" data-style=\"arrow-animation\" data-display=\"block\" data-alignment=\"left\" data-text-color=\"custom\" style=\"margin-top: 30px; \"><h4 style=\"color: #ffffff;\"><span class=\"link_wrap\" style=\"padding-top: 20px; padding-right: 40px; padding-bottom: 20px; padding-left: 40px;\"><a  class=\"link_text\" href=\"\/it\/contatti\"><span class=\"text\">Inviaci un\u2019e-mail<\/span><svg class=\"next-arrow\" aria-hidden=\"true\" width=\"20px\" height=\"25px\" viewBox=\"0 0 50 80\" xml:space=\"preserve\">\n  <polyline stroke=\"#ffffff\" stroke-width=\"9\" fill=\"none\" stroke-linecap=\"round\" stroke-linejoin=\"round\" points=\"0, 0 45, 40 0, 80\"><\/polyline>\n  <\/svg>  <span class=\"line\" style=\"background-color: #ffffff;\"><\/span> <\/a><\/span><\/h4><\/div>[\/vc_column_text][nectar_cta btn_style=&#8221;arrow-animation&#8221; heading_tag=&#8221;h4&#8243; text_color=&#8221;#ffffff&#8221; button_color=&#8221;accent-color&#8221; link_type=&#8221;new_tab&#8221; alignment=&#8221;left&#8221; alignment_tablet=&#8221;default&#8221; alignment_phone=&#8221;default&#8221; display=&#8221;block&#8221; link_text=&#8221;seguici su Telegram&#8221; url=&#8221;https:\/\/t.me\/SafeBlood&#8221; margin_top=&#8221;60&#8243; padding_top=&#8221;15&#8243; padding_right=&#8221;40&#8243; padding_bottom=&#8221;20&#8243; padding_left=&#8221;40&#8243;][vc_column_text css=&#8221;.vc_custom_1697284583722{margin-top: 40px !important;}&#8221;]\n<h3>La situazione nel mio paese: <div class=\"select-my-x-flag\" style=\"display:inline-block;font-size:45px\"><a href=\"https:\/\/safeblood.lu\/it\/location\/italy\/\">\ud83c\uddee\ud83c\uddf9<\/a> <a href=\"https:\/\/safeblood.lu\/it\/location\/news-from-the-countries\/svizzera-italiana-en\/\">\ud83c\udde8\ud83c\udded<\/a> <\/div><\/h3>\n[\/vc_column_text][\/vc_column][vc_column column_padding=&#8221;no-extra-padding&#8221; column_padding_tablet=&#8221;inherit&#8221; column_padding_phone=&#8221;inherit&#8221; column_padding_position=&#8221;all&#8221; column_element_spacing=&#8221;default&#8221; background_color_opacity=&#8221;1&#8243; background_hover_color_opacity=&#8221;1&#8243; column_shadow=&#8221;none&#8221; column_border_radius=&#8221;none&#8221; column_link_target=&#8221;_self&#8221; gradient_direction=&#8221;left_to_right&#8221; overlay_strength=&#8221;0.3&#8243; width=&#8221;1\/2&#8243; tablet_width_inherit=&#8221;default&#8221; tablet_text_alignment=&#8221;default&#8221; phone_text_alignment=&#8221;default&#8221; bg_image_animation=&#8221;zoom-out-reveal&#8221; border_type=&#8221;simple&#8221; column_border_width=&#8221;none&#8221; column_border_style=&#8221;solid&#8221;][image_with_animation image_url=&#8221;75067&#8243; animation=&#8221;Fade In&#8221; hover_animation=&#8221;none&#8221; alignment=&#8221;&#8221; border_radius=&#8221;none&#8221; box_shadow=&#8221;none&#8221; image_loading=&#8221;lazy-load&#8221; max_width=&#8221;100%&#8221; max_width_mobile=&#8221;default&#8221;][image_with_animation image_url=&#8221;75177&#8243; animation=&#8221;Fade In&#8221; hover_animation=&#8221;none&#8221; alignment=&#8221;&#8221; border_radius=&#8221;none&#8221; box_shadow=&#8221;none&#8221; image_loading=&#8221;lazy-load&#8221; max_width=&#8221;100%&#8221; max_width_mobile=&#8221;default&#8221;][image_with_animation image_url=&#8221;75167&#8243; animation=&#8221;Fade In&#8221; hover_animation=&#8221;none&#8221; alignment=&#8221;&#8221; border_radius=&#8221;none&#8221; box_shadow=&#8221;none&#8221; image_loading=&#8221;lazy-load&#8221; max_width=&#8221;100%&#8221; max_width_mobile=&#8221;default&#8221;][\/vc_column][\/vc_row]\n","protected":false},"excerpt":{"rendered":"<p>[vc_row type=&#8221;full_width_background&#8221; full_screen_row_position=&#8221;middle&#8221; column_margin=&#8221;default&#8221; equal_height=&#8221;yes&#8221; content_placement=&#8221;bottom&#8221; column_direction=&#8221;default&#8221; column_direction_tablet=&#8221;default&#8221; column_direction_phone=&#8221;default&#8221; bg_color=&#8221;#d1d1ca&#8221; bg_image=&#8221;72801&#8243; bg_position=&#8221;center center&#8221; background_image_loading=&#8221;default&#8221; bg_repeat=&#8221;no-repeat&#8221; scene_position=&#8221;center&#8221; top_padding=&#8221;15%&#8221; bottom_padding=&#8221;13%&#8221; text_color=&#8221;light&#8221; text_align=&#8221;left&#8221; row_border_radius=&#8221;none&#8221; row_border_radius_applies=&#8221;bg&#8221; color_overlay=&#8221;#0a0a0a&#8221; overlay_strength=&#8221;0.3&#8243; gradient_direction=&#8221;left_to_right&#8221; shape_divider_position=&#8221;bottom&#8221; shape_divider_height=&#8221;350&#8243; bg_image_animation=&#8221;fade-in&#8221; parallax_bg=&#8221;true&#8221; parallax_bg_speed=&#8221;fast&#8221;&#8230;<\/p>\n","protected":false},"author":2,"featured_media":0,"parent":0,"menu_order":0,"comment_status":"closed","ping_status":"closed","template":"","meta":[],"_links":{"self":[{"href":"https:\/\/safeblood.lu\/it\/wp-json\/wp\/v2\/pages\/68194"}],"collection":[{"href":"https:\/\/safeblood.lu\/it\/wp-json\/wp\/v2\/pages"}],"about":[{"href":"https:\/\/safeblood.lu\/it\/wp-json\/wp\/v2\/types\/page"}],"author":[{"embeddable":true,"href":"https:\/\/safeblood.lu\/it\/wp-json\/wp\/v2\/users\/2"}],"replies":[{"embeddable":true,"href":"https:\/\/safeblood.lu\/it\/wp-json\/wp\/v2\/comments?post=68194"}],"version-history":[{"count":24,"href":"https:\/\/safeblood.lu\/it\/wp-json\/wp\/v2\/pages\/68194\/revisions"}],"predecessor-version":[{"id":80741,"href":"https:\/\/safeblood.lu\/it\/wp-json\/wp\/v2\/pages\/68194\/revisions\/80741"}],"wp:attachment":[{"href":"https:\/\/safeblood.lu\/it\/wp-json\/wp\/v2\/media?parent=68194"}],"curies":[{"name":"wp","href":"https:\/\/api.w.org\/{rel}","templated":true}]}}