{"id":71510,"date":"2023-08-11T11:57:15","date_gmt":"2023-08-11T09:57:15","guid":{"rendered":"https:\/\/safeblood.lu\/?page_id=71510"},"modified":"2024-06-03T13:49:48","modified_gmt":"2024-06-03T11:49:48","slug":"lista-de-novos-membros","status":"publish","type":"page","link":"https:\/\/safeblood.lu\/pt-pt\/lista-de-novos-membros\/","title":{"rendered":"Lista de novos membros"},"content":{"rendered":"[vc_row type=&#8221;in_container&#8221; full_screen_row_position=&#8221;middle&#8221; column_margin=&#8221;default&#8221; column_direction=&#8221;default&#8221; column_direction_tablet=&#8221;default&#8221; column_direction_phone=&#8221;default&#8221; scene_position=&#8221;center&#8221; text_color=&#8221;dark&#8221; text_align=&#8221;left&#8221; row_border_radius=&#8221;none&#8221; row_border_radius_applies=&#8221;bg&#8221; overlay_strength=&#8221;0.3&#8243; gradient_direction=&#8221;left_to_right&#8221; shape_divider_position=&#8221;bottom&#8221; bg_image_animation=&#8221;none&#8221;][vc_column column_padding=&#8221;no-extra-padding&#8221; column_padding_tablet=&#8221;inherit&#8221; column_padding_phone=&#8221;inherit&#8221; column_padding_position=&#8221;all&#8221; column_element_spacing=&#8221;default&#8221; background_color_opacity=&#8221;1&#8243; background_hover_color_opacity=&#8221;1&#8243; column_shadow=&#8221;none&#8221; column_border_radius=&#8221;none&#8221; column_link_target=&#8221;_self&#8221; gradient_direction=&#8221;left_to_right&#8221; overlay_strength=&#8221;0.3&#8243; width=&#8221;1\/1&#8243; tablet_width_inherit=&#8221;default&#8221; tablet_text_alignment=&#8221;default&#8221; phone_text_alignment=&#8221;default&#8221; bg_image_animation=&#8221;none&#8221; border_type=&#8221;simple&#8221; column_border_width=&#8221;none&#8221; column_border_style=&#8221;solid&#8221;][vc_column_text]\n<p class=\"p1\"><strong>Gostar\u00edamos de dar aos boas vindas aos nossos mais recentes membros.<\/strong><\/p>\n<p class=\"p1\">Esta p\u00e1gina lista apenas os membros que decidiram anunciar publicamente que s\u00e3o membros da doa\u00e7\u00e3o safeblood. Precisamos de membros como voc\u00eas pois \u00e9 a \u00fanica forma de atingirmos os nossos objectivos \u2013 representar publicamente a nossa causa.<\/p>\n<p><em>Encontrar\u00e1 aqui os membros mais recentes de todo o mundo, com exce\u00e7\u00e3o dos EUA, embora tenhamos o maior n\u00famero de membros em todo o mundo e a maior taxa de crescimento: A maioria dos americanos teme repres\u00e1lias se se identificarem aqui como membros SafeBlood. Por isso, desactiv\u00e1mos a listagem dos nossos novos membros americanos aqui por defeito.<\/em>[\/vc_column_text][\/vc_column][\/vc_row][vc_row type=&#8221;in_container&#8221; full_screen_row_position=&#8221;middle&#8221; column_margin=&#8221;default&#8221; column_direction=&#8221;default&#8221; column_direction_tablet=&#8221;default&#8221; column_direction_phone=&#8221;default&#8221; scene_position=&#8221;center&#8221; text_color=&#8221;dark&#8221; text_align=&#8221;left&#8221; row_border_radius=&#8221;none&#8221; row_border_radius_applies=&#8221;bg&#8221; overlay_strength=&#8221;0.3&#8243; gradient_direction=&#8221;left_to_right&#8221; shape_divider_position=&#8221;bottom&#8221; bg_image_animation=&#8221;none&#8221;][vc_column column_padding=&#8221;no-extra-padding&#8221; column_padding_tablet=&#8221;inherit&#8221; column_padding_phone=&#8221;inherit&#8221; column_padding_position=&#8221;all&#8221; column_element_spacing=&#8221;default&#8221; background_color_opacity=&#8221;1&#8243; background_hover_color_opacity=&#8221;1&#8243; column_shadow=&#8221;none&#8221; column_border_radius=&#8221;none&#8221; column_link_target=&#8221;_self&#8221; gradient_direction=&#8221;left_to_right&#8221; overlay_strength=&#8221;0.3&#8243; width=&#8221;1\/1&#8243; tablet_width_inherit=&#8221;default&#8221; tablet_text_alignment=&#8221;default&#8221; phone_text_alignment=&#8221;default&#8221; bg_image_animation=&#8221;none&#8221; border_type=&#8221;simple&#8221; column_border_width=&#8221;none&#8221; column_border_style=&#8221;solid&#8221;][vc_column_text]<div class=\"last-members\"><div class=\"column\" style=\"display: inline-block;width:49%\" ><span class=\"member\">Marcel Brader, Su\u00ed\u00e7a<\/span><br><span class=\"member\">Sabine Geiger, Alemanha<\/span><br><span class=\"member\">Siro Levin, Su\u00ed\u00e7a<\/span><br><span class=\"member\">Emma M\u00fcller, Alemanha<\/span><br><span class=\"member\">Max M\u00fcller, Alemanha<\/span><br><span class=\"member\">Ulrich H\u00e4nni Marugg, Su\u00ed\u00e7a<\/span><br><span class=\"member\">Luzia Marugg H\u00e4nni, Su\u00ed\u00e7a<\/span><br><span class=\"member\">Sybille Krick, Alemanha<\/span><br><span class=\"member\">jean marie aubert, Fran\u00e7a<\/span><br><span class=\"member\">mirko castelli, It\u00e1lia<\/span><br><span class=\"member\">Linda Stelling, Chipre<\/span><br><span class=\"member\">Marianne Schmidlin, Su\u00ed\u00e7a<\/span><br><span class=\"member\">Ruben Blanken, Bonaire, Sint Eustatius e Saba<\/span><br><span class=\"member\">Stephan Nilsson, Su\u00e9cia<\/span><br><span class=\"member\">Jan Heide-Jensen, Alemanha<\/span><br><span class=\"member\">Eric Diss, Fran\u00e7a<\/span><br><span class=\"member\">Andr\u00e9 Michel Sperl, Su\u00ed\u00e7a<\/span><br><span class=\"member\">Axel Lewerenz, Alemanha<\/span><br><span class=\"member\">Arthur Trentin, Su\u00ed\u00e7a<\/span><br><span class=\"member\">Clifford Fletcher, Canad\u00e1<\/span><br><span class=\"member\">Karin Seiler, Su\u00ed\u00e7a<\/span><br><span class=\"member\">Petra Steinlehner, Su\u00ed\u00e7a<\/span><br><span class=\"member\">Enrico Nurchi, It\u00e1lia<\/span><br><span class=\"member\">Nila Engel, Su\u00ed\u00e7a<\/span><br><span class=\"member\">Massimo Tatullo, It\u00e1lia<\/span><br><\/div><div class=\"column\" style=\"display: inline-block;width:49%\" ><span class=\"member\">Monika H\u00e4rdi, Su\u00ed\u00e7a<\/span><br><span class=\"member\">Ursula Eberle, Su\u00ed\u00e7a<\/span><br><span class=\"member\">Christina Pinglot, Pa\u00edses Baixos<\/span><br><span class=\"member\">Hugo Kessler, Su\u00ed\u00e7a<\/span><br><span class=\"member\">Hans Felix Cathrein, Su\u00ed\u00e7a<\/span><br><span class=\"member\">Mich\u00e8le B\u00f6sch, Su\u00ed\u00e7a<\/span><br><span class=\"member\">Marietta Arpagaus, Su\u00ed\u00e7a<\/span><br><span class=\"member\">Alexander Schwenk, Alemanha<\/span><br><span class=\"member\">Mary-Ann Lynch, Austr\u00e1lia<\/span><br><span class=\"member\">Kathrin Sch\u00f6nland, Alemanha<\/span><br><span class=\"member\">mary grace unday, Su\u00ed\u00e7a<\/span><br><span class=\"member\">mercy kony, Su\u00ed\u00e7a<\/span><br><span class=\"member\">Yanil Berchtold, Su\u00ed\u00e7a<\/span><br><span class=\"member\">Elisabeth Sulger B\u00fcel, Su\u00ed\u00e7a<\/span><br><span class=\"member\">Markus Rumel, Alemanha<\/span><br><span class=\"member\">Patrick Terren, Fran\u00e7a<\/span><br><span class=\"member\">Alea Santini, Su\u00ed\u00e7a<\/span><br><span class=\"member\">Celio Santini, Su\u00ed\u00e7a<\/span><br><span class=\"member\">Ilana Santini, Su\u00ed\u00e7a<\/span><br><span class=\"member\">Thomas Peter Egli Hais, Su\u00ed\u00e7a<\/span><br><span class=\"member\">Harald W\u00f6ssner, Alemanha<\/span><br><span class=\"member\">Katharina Bachofen Heimann, Su\u00ed\u00e7a<\/span><br><span class=\"member\">Urs Rufener, Su\u00ed\u00e7a<\/span><br><span class=\"member\">Maria Wolf, \u00c1ustria<\/span><br><span class=\"member\">Katharina Straka, Alemanha<\/span><br><\/div><\/div>[\/vc_column_text][\/vc_column][\/vc_row]\n","protected":false},"excerpt":{"rendered":"<p>[vc_row type=&#8221;in_container&#8221; full_screen_row_position=&#8221;middle&#8221; column_margin=&#8221;default&#8221; column_direction=&#8221;default&#8221; column_direction_tablet=&#8221;default&#8221; column_direction_phone=&#8221;default&#8221; scene_position=&#8221;center&#8221; text_color=&#8221;dark&#8221; text_align=&#8221;left&#8221; row_border_radius=&#8221;none&#8221; row_border_radius_applies=&#8221;bg&#8221; overlay_strength=&#8221;0.3&#8243; gradient_direction=&#8221;left_to_right&#8221; shape_divider_position=&#8221;bottom&#8221; bg_image_animation=&#8221;none&#8221;][vc_column column_padding=&#8221;no-extra-padding&#8221; column_padding_tablet=&#8221;inherit&#8221; column_padding_phone=&#8221;inherit&#8221; column_padding_position=&#8221;all&#8221; column_element_spacing=&#8221;default&#8221; background_color_opacity=&#8221;1&#8243; background_hover_color_opacity=&#8221;1&#8243; column_shadow=&#8221;none&#8221; column_border_radius=&#8221;none&#8221; column_link_target=&#8221;_self&#8221; gradient_direction=&#8221;left_to_right&#8221; overlay_strength=&#8221;0.3&#8243; width=&#8221;1\/1&#8243; tablet_width_inherit=&#8221;default&#8221;&#8230;<\/p>\n","protected":false},"author":2,"featured_media":0,"parent":0,"menu_order":0,"comment_status":"closed","ping_status":"closed","template":"","meta":[],"_links":{"self":[{"href":"https:\/\/safeblood.lu\/pt-pt\/wp-json\/wp\/v2\/pages\/71510"}],"collection":[{"href":"https:\/\/safeblood.lu\/pt-pt\/wp-json\/wp\/v2\/pages"}],"about":[{"href":"https:\/\/safeblood.lu\/pt-pt\/wp-json\/wp\/v2\/types\/page"}],"author":[{"embeddable":true,"href":"https:\/\/safeblood.lu\/pt-pt\/wp-json\/wp\/v2\/users\/2"}],"replies":[{"embeddable":true,"href":"https:\/\/safeblood.lu\/pt-pt\/wp-json\/wp\/v2\/comments?post=71510"}],"version-history":[{"count":3,"href":"https:\/\/safeblood.lu\/pt-pt\/wp-json\/wp\/v2\/pages\/71510\/revisions"}],"predecessor-version":[{"id":76366,"href":"https:\/\/safeblood.lu\/pt-pt\/wp-json\/wp\/v2\/pages\/71510\/revisions\/76366"}],"wp:attachment":[{"href":"https:\/\/safeblood.lu\/pt-pt\/wp-json\/wp\/v2\/media?parent=71510"}],"curies":[{"name":"wp","href":"https:\/\/api.w.org\/{rel}","templated":true}]}}