{"id":77243,"date":"2024-07-15T11:40:36","date_gmt":"2024-07-15T09:40:36","guid":{"rendered":"https:\/\/safeblood.lu\/?page_id=77243"},"modified":"2026-01-10T16:35:12","modified_gmt":"2026-01-10T15:35:12","slug":"metodos-de-diagnostico","status":"publish","type":"page","link":"https:\/\/safeblood.lu\/pt-pt\/metodos-de-diagnostico\/","title":{"rendered":"M\u00e9todos de Diagn\u00f3stico"},"content":{"rendered":"[vc_row type=&#8221;in_container&#8221; full_screen_row_position=&#8221;middle&#8221; column_margin=&#8221;default&#8221; column_direction=&#8221;default&#8221; column_direction_tablet=&#8221;default&#8221; column_direction_phone=&#8221;default&#8221; scene_position=&#8221;center&#8221; text_color=&#8221;dark&#8221; text_align=&#8221;left&#8221; row_border_radius=&#8221;none&#8221; row_border_radius_applies=&#8221;bg&#8221; overlay_strength=&#8221;0.3&#8243; gradient_direction=&#8221;left_to_right&#8221; shape_divider_position=&#8221;bottom&#8221; bg_image_animation=&#8221;none&#8221;][vc_column column_padding=&#8221;no-extra-padding&#8221; column_padding_tablet=&#8221;inherit&#8221; column_padding_phone=&#8221;inherit&#8221; column_padding_position=&#8221;all&#8221; column_element_spacing=&#8221;default&#8221; background_color_opacity=&#8221;1&#8243; background_hover_color_opacity=&#8221;1&#8243; column_shadow=&#8221;none&#8221; column_border_radius=&#8221;none&#8221; column_link_target=&#8221;_self&#8221; gradient_direction=&#8221;left_to_right&#8221; overlay_strength=&#8221;0.3&#8243; width=&#8221;1\/1&#8243; tablet_width_inherit=&#8221;default&#8221; tablet_text_alignment=&#8221;default&#8221; phone_text_alignment=&#8221;default&#8221; bg_image_animation=&#8221;none&#8221; border_type=&#8221;simple&#8221; column_border_width=&#8221;none&#8221; column_border_style=&#8221;solid&#8221;][vc_column_text css=&#8221;.vc_custom_1721036063597{margin-top: -50px !important;}&#8221;]\n<h1 style=\"text-align: center;\"><strong>M\u00e9todos de Diagn\u00f3stico<\/strong><\/h1>\n[\/vc_column_text][\/vc_column][\/vc_row][vc_row type=&#8221;in_container&#8221; full_screen_row_position=&#8221;middle&#8221; column_margin=&#8221;default&#8221; column_direction=&#8221;default&#8221; column_direction_tablet=&#8221;default&#8221; column_direction_phone=&#8221;default&#8221; scene_position=&#8221;center&#8221; text_color=&#8221;dark&#8221; text_align=&#8221;left&#8221; row_border_radius=&#8221;none&#8221; row_border_radius_applies=&#8221;bg&#8221; overlay_strength=&#8221;0.3&#8243; gradient_direction=&#8221;left_to_right&#8221; shape_divider_position=&#8221;bottom&#8221; bg_image_animation=&#8221;none&#8221;][vc_column column_padding=&#8221;no-extra-padding&#8221; column_padding_tablet=&#8221;inherit&#8221; column_padding_phone=&#8221;inherit&#8221; column_padding_position=&#8221;all&#8221; column_element_spacing=&#8221;default&#8221; background_color_opacity=&#8221;1&#8243; background_hover_color_opacity=&#8221;1&#8243; column_shadow=&#8221;none&#8221; column_border_radius=&#8221;none&#8221; column_link_target=&#8221;_self&#8221; gradient_direction=&#8221;left_to_right&#8221; overlay_strength=&#8221;0.3&#8243; width=&#8221;1\/1&#8243; tablet_width_inherit=&#8221;default&#8221; tablet_text_alignment=&#8221;default&#8221; phone_text_alignment=&#8221;default&#8221; bg_image_animation=&#8221;none&#8221; border_type=&#8221;simple&#8221; column_border_width=&#8221;none&#8221; column_border_style=&#8221;solid&#8221;][vc_column_text css=&#8221;.vc_custom_1768059306917{margin-top: -20px !important;}&#8221;]Nesta p\u00e1gina encontrar\u00e1 uma compila\u00e7\u00e3o de\u00a0<strong>m\u00e9todos de diagn\u00f3stico<\/strong>\u00a0que podem ser utilizados\u00a0<strong>para detectar res\u00edduos de vacinas mRNA<\/strong>. Isto \u00e9 particularmente importante, porque o diagn\u00f3stico correcto \u00e9 a base para um tratamento bem sucedido. At\u00e9 h\u00e1 pouco tempo a microscopia de campo escuro (ou an\u00e1lise de sangue vivo) era o \u00fanico m\u00e9todo, mas agora temos v\u00e1rias alternativas.<\/p>\n<p>&nbsp;<\/p>\n<h3><strong>Quais s\u00e3o os melhores m\u00e9todos?<\/strong><\/h3>\n<p>&nbsp;<\/p>\n<hr \/>\n<p><a href=\"https:\/\/safeblood.net\/pt-pt\/analise-residual-da-vacina-covid19\/\" target=\"_blank\" rel=\"noopener\"><strong>An\u00e1lise de Res\u00edduos da Vacina Covid19<\/strong><\/a>, que a SafeBlood oferece em colabora\u00e7\u00e3o com a <a href=\"https:\/\/www.createdforhealth.com\/\" target=\"_blank\" rel=\"noopener\">Created for Health<\/a>, \u00e9 totalmente novo. Revela o seguinte:<\/p>\n<ul>\n<li>Res\u00edduos de qualquer das vacinas Covid19<\/li>\n<li>Presen\u00e7a da prote\u00edna spike<\/li>\n<li>Se a funcionalidade do seu RNA e ADN est\u00e1 perturbada ou danificada<\/li>\n<\/ul>\n<p>Esta an\u00e1lise \u00e9 um factor de mudan\u00e7a, pois n\u00e3o s\u00f3 pode ter a certeza de que receber\u00e1 sangue limpo em caso de transfus\u00e3o, como tamb\u00e9m pode ter uma vis\u00e3o geral do sucesso dos tratamentos para as v\u00edtimas de vacinas mRNA.<\/p>\n<p>Clique\u00a0<a href=\"https:\/\/safeblood.net\/pt-pt\/analise-residual-da-vacina-covid19\/\" target=\"_blank\" rel=\"noopener\">aqui<\/a>\u00a0para a An\u00e1lise de Res\u00edduos da Vacina Covid-19, com c\u00f3digo de desconto para os membros do Safeblood.<\/p>\n<hr \/>\n<p><strong>A microscopia de campo escuro (an\u00e1lise de sangue vivo)\u00a0<\/strong>continua a ser um excelente m\u00e9todo para detectar directamente e em tempo real no sangue os efeitos nocivos das vacinas de mRNA. Nenhum outro m\u00e9todo permite ver as altera\u00e7\u00f5es no sangue de forma t\u00e3o realista.<br \/>\nO \u00fanico problema deste m\u00e9todo de an\u00e1lise \u00e9 o facto de deixar ao m\u00e9dico\u00a0margem de interpreta\u00e7\u00e3o no que diz respeito \u00e0s poss\u00edveis causas das altera\u00e7\u00f5es sangu\u00edneas. No entanto, numa compara\u00e7\u00e3o directa antes e depois, este factor \u00e9 insignificante. Infelizmente, estas condi\u00e7\u00f5es ideais raramente s\u00e3o dadas.<br \/>\nAl\u00e9m disso, n\u00e3o se trata de um &#8220;teste de cinco minutos&#8221;, mas de uma an\u00e1lise abrangente que fornece uma impress\u00e3o \u00f3ptima do seu estado geral de sa\u00fade. Uma sess\u00e3o normalmente dura pelo menos uma hora e \u00e9 oferecida por profissionais alternativos experientes.<br \/>\n\u00c9 por isso que n\u00e3o existe aqui um link para o m\u00e9todo, mas para a nossa p\u00e1gina <a href=\"https:\/\/safeblood.net\/pt-pt\/procura-de-parceiros-medicos\/\" target=\"_blank\" rel=\"noopener\">Encontre um centro m\u00e9dico<\/a>\u00a0, onde pode procurar directamente terapeutas que ofere\u00e7am este m\u00e9todo.<strong><br \/>\n<\/strong>Infelizmente, ainda h\u00e1 muito poucos terapeutas aqui listados. Por isso, se conhece um bom terapeuta, informe-o para que possa ser adicionado a esta lista.<strong><br \/>\n<\/strong><\/p>\n<hr \/>\n<p><strong>An\u00e1lises Laboratoriais Cl\u00e1ssicas<\/strong><\/p>\n<p>Atualmente, existem v\u00e1rios testes laboratoriais cl\u00e1ssicos (segundo a medicina bioqu\u00edmica ocidental) que podem mostrar se o sangue de um indiv\u00edduo testado prov\u00e9m de uma pessoa vacinada ou n\u00e3o vacinada.<\/p>\n<p>Apenas alguns laborat\u00f3rios oferecem testes que permitem detectar n\u00e3o s\u00f3 as prote\u00ednas Spike, mas tamb\u00e9m <strong>a origem dessas prote\u00ednas<\/strong>, <strong>seja uma vacina\u00e7\u00e3o ou uma infe\u00e7\u00e3o<\/strong>. No entanto, \u00e9 importante ter em conta que as prote\u00ednas Spike s\u00e3o apenas um dos muitos fatores problem\u00e1ticos relacionados com as vacinas de mRNA e, na minha opini\u00e3o, outros fatores t\u00eam um peso maior.<\/p>\n<p>Existem v\u00e1rios outros testes individuais que fornecem ind\u00edcios espec\u00edficos (por exemplo, o D-d\u00edmero) e, em combina\u00e7\u00e3o, indicam contamina\u00e7\u00e3o com sangue contaminado com mRNA.<\/p>\n<p><strong>A maioria dos<\/strong> laborat\u00f3rios especializados <strong>est\u00e1 localizada na Alemanha<\/strong>. Aqui est\u00e3o alguns exemplos de laborat\u00f3rios que permitem exames de sangue de v\u00e1rios par\u00e2metros que fornecem ind\u00edcios claros de contamina\u00e7\u00e3o com res\u00edduos de mRNA:<\/p>\n<p>Um laborat\u00f3rio que trabalha em estreita colabora\u00e7\u00e3o com o MWGFD, a mais importante associa\u00e7\u00e3o de m\u00e9dicos cr\u00edticos na Alemanha, \u00e9 o <a href=\"https:\/\/inmodia.de\/\" target=\"_blank\" rel=\"noopener\">Inmodia<\/a>, em 84131 Vilsbiburg. Tudo o que vem do MWGFD \u00e9, em princ\u00edpio, recomend\u00e1vel.<\/p>\n<p>A MWGDF tamb\u00e9m recomenda a MMD <a href=\"https:\/\/www.mmd-labor.de\/en\/\" target=\"_blank\" rel=\"noopener\">(Magdeburg Molecular Detections GmbH)<\/a> em Magdeburg. A mentora Prof.\u00aa Dr.\u00aa <strong>Brigitte K\u00f6nig<\/strong> conquistou uma excelente reputa\u00e7\u00e3o como pioneira no diagn\u00f3stico de res\u00edduos de mRNA.<\/p>\n<p>Um prestador de servi\u00e7os que colabora com v\u00e1rios laborat\u00f3rios e \u00e9 um ponto de contacto adequado para laborat\u00f3rios na regi\u00e3o de l\u00edngua alem\u00e3: <a href=\"https:\/\/bin-ich-schon-immun.de\/\" target=\"_blank\" rel=\"noopener\">WIR SIND IMMUN<\/a> em 60329 Frankfurt am Main. O seu site tamb\u00e9m oferece uma base de dados na qual \u00e9 poss\u00edvel pesquisar sintomas ou \u00f3rg\u00e3os. Aqui est\u00e1 <a href=\"https:\/\/vimeo.com\/872726082?fl=pl&amp;fe=vl&amp;pgroup=plc\" target=\"_blank\" rel=\"noopener\">um pequeno v\u00eddeo<\/a> (em alem\u00e3o) do diretor-geral Christian Hannig com explica\u00e7\u00f5es adicionais.<\/p>\n<p>Um m\u00e9todo de diagn\u00f3stico recentemente muito popular, que mede apenas os anticorpos contra as prote\u00ednas Spike (IgG, em BAU\/ml), mas que \u00e9 bastante \u00fatil como primeira informa\u00e7\u00e3o e, com cerca de 30 euros, \u00e9 extremamente barato, \u00e9 o <a href=\"https:\/\/www.xn--sandra-spni-t8a.ch\/home\" target=\"_blank\" rel=\"noopener\">SCAN 2000<\/a> da extremamente competente cientista <strong>Dra. Sabine Stebel<\/strong>. <a href=\"https:\/\/www.xn--sandra-spni-t8a.ch\/home\" target=\"_blank\" rel=\"noopener\">Este link<\/a> leva ao seu artigo no Substack, que \u00e9 extremamente extenso e n\u00e3o \u00e9 muito f\u00e1cil de ler para quem n\u00e3o \u00e9 cientista, mas tamb\u00e9m cont\u00e9m links para terapeutas que oferecem este m\u00e9todo. Se rolar a p\u00e1gina para baixo, encontrar\u00e1 uma lista organizada por c\u00f3digo postal.<br \/>\nAqui est\u00e1 <strong>uma sele\u00e7\u00e3o<\/strong>:<br \/>\n<a href=\"https:\/\/www.naturheilpraxis-krenn.de\/\" target=\"_blank\" rel=\"noopener\">Cl\u00ednica de medicina natural Helen Krenn<\/a> no distrito de Rosenheim. <strong>Helen Krenn<\/strong> n\u00e3o s\u00f3 oferece uma gama extremamente abrangente de tratamentos naturais na sua cl\u00ednica, como tamb\u00e9m \u00e9 a fundadora do site <a href=\"https:\/\/expertcouncil.one\/\" target=\"_blank\" rel=\"noopener\">Expertcouncil<\/a>, uma rede de especialistas altamente recomend\u00e1vel.<br \/>\nO <a href=\"https:\/\/www.ayurveda-hannover.org\/\" target=\"_blank\" rel=\"noopener\">naturopata <strong>Uwe Schewe<\/strong><\/a> no seu <a href=\"https:\/\/www.ayurveda-hannover.org\/\" target=\"_blank\" rel=\"noopener\">consult\u00f3rio de Ayurved<\/a>a em 30161 Han\u00f4ver.<br \/>\nDr. med. <strong>Beatrix Braack<\/strong>, Westerallee 12, 24937 Flensburg , Tel: <a>+49 (0) 461 40 77 56 94<\/a>, email <a href=\"mailto:salutogeneticum@t-online.de\">salutogeneticum@t-online.de<\/a><\/p>\n<p>E o <strong>\u00fanico endere\u00e7o na Su\u00ed\u00e7a<\/strong>: <a href=\"https:\/\/www.xn--sandra-spni-t8a.ch\/home\" target=\"_blank\" rel=\"noopener\">Consult\u00f3rio de Naturopatia de Sandra Sp\u00e4ni<\/a>, em 8868 Oberurnen, no cant\u00e3o de Glarus.<\/p>\n<p><strong>Teste de anticorpos Covid19 nos EUA<\/strong>, para enviar (70$):\u00a0 <a href=\"https:\/\/www.ondemand.labcorp.com\/lab-tests\/covid-19-antibody-test?utm_source=substack&amp;utm_medium=email\" target=\"_blank\" rel=\"noopener\">ondemand.labcorp.com<\/a><\/p>\n<hr \/>\n<h4><em><strong>Outros testes laboratoriais cl\u00e1ssicos para verificar v\u00e1rios par\u00e2metros de sa\u00fade importantes:<\/strong><\/em><\/h4>\n<hr \/>\n<p><strong>Os micropl\u00e1sticos <\/strong>representam uma grande amea\u00e7a para o nosso sistema imunit\u00e1rio. Quando pensamos em micropl\u00e1sticos, pensamos primeiro no pl\u00e1stico dos oceanos, mas tamb\u00e9m acumulamos micropl\u00e1sticos no nosso corpo, por exemplo, res\u00edduos de PET e muitos outros. Tamb\u00e9m bebe de garrafas PET, n\u00e3o \u00e9 verdade?<\/p>\n<p>A empresa plastictox introduziu um novo teste para determinar a exposi\u00e7\u00e3o do corpo humano aos micropl\u00e1sticos. Se quiser saber se o seu sistema est\u00e1 afectado, v\u00e1 a <a href=\"https:\/\/plastictox.com\/?coupon=safeblood\" target=\"_blank\" rel=\"noopener\">https:\/\/plastictox.com\/<\/a>, e introduza o c\u00f3digo SAFEBLOOD na caixa para receber um desconto de 10%.<\/p>\n<hr \/>\n<p><strong>Conhece outro m\u00e9todo de diagn\u00f3stico de que ainda n\u00e3o temos conhecimento? Por favor, envie-nos um\u00a0<a href=\"mailto:george@safeblood.net\" target=\"_blank\" rel=\"noopener\">email<\/a>.<\/strong><\/p>\n<p class=\"p1\"><strong>AVISO DE ISEN\u00c7\u00c3O DE RESPONSABILIDADE:<\/strong><\/p>\n<p class=\"p1\">A SAFE BLOOD DONATION N\u00c3O FORNECE ACONSELHAMENTO M\u00c9DICO.<\/p>\n<p class=\"p1\">As informa\u00e7\u00f5es, incluindo, mas n\u00e3o se limitando a, texto, gr\u00e1ficos, imagens e outros materiais publicados ou transmitidos pela Safe Blood Donation e pelos seus afiliados, directores, administradores, gestores, funcion\u00e1rios ou outros representantes, destinam-se apenas a fins informativos. Nenhum material se destina a substituir o aconselhamento, diagn\u00f3stico ou tratamento m\u00e9dico profissional. Procure sempre o conselho do seu prestador de cuidados de sa\u00fade de confian\u00e7a com quaisquer d\u00favidas que possa ter em rela\u00e7\u00e3o a uma condi\u00e7\u00e3o m\u00e9dica ou tratamento e antes de iniciar um novo regime de cuidados de sa\u00fade e nunca desconsidere o conselho m\u00e9dico profissional ou demore a procur\u00e1-lo por causa de algo que tenha lido ou visto em qualquer publica\u00e7\u00e3o ou transmiss\u00e3o da Safe Blood Donation.<\/p>\n[\/vc_column_text][\/vc_column][\/vc_row]\n","protected":false},"excerpt":{"rendered":"<p>[vc_row type=&#8221;in_container&#8221; full_screen_row_position=&#8221;middle&#8221; column_margin=&#8221;default&#8221; column_direction=&#8221;default&#8221; column_direction_tablet=&#8221;default&#8221; column_direction_phone=&#8221;default&#8221; scene_position=&#8221;center&#8221; text_color=&#8221;dark&#8221; text_align=&#8221;left&#8221; row_border_radius=&#8221;none&#8221; row_border_radius_applies=&#8221;bg&#8221; overlay_strength=&#8221;0.3&#8243; gradient_direction=&#8221;left_to_right&#8221; shape_divider_position=&#8221;bottom&#8221; bg_image_animation=&#8221;none&#8221;][vc_column column_padding=&#8221;no-extra-padding&#8221; column_padding_tablet=&#8221;inherit&#8221; column_padding_phone=&#8221;inherit&#8221; column_padding_position=&#8221;all&#8221; column_element_spacing=&#8221;default&#8221; background_color_opacity=&#8221;1&#8243; background_hover_color_opacity=&#8221;1&#8243; column_shadow=&#8221;none&#8221; column_border_radius=&#8221;none&#8221; column_link_target=&#8221;_self&#8221; gradient_direction=&#8221;left_to_right&#8221; overlay_strength=&#8221;0.3&#8243; width=&#8221;1\/1&#8243; tablet_width_inherit=&#8221;default&#8221;&#8230;<\/p>\n","protected":false},"author":2,"featured_media":0,"parent":0,"menu_order":0,"comment_status":"closed","ping_status":"closed","template":"","meta":[],"_links":{"self":[{"href":"https:\/\/safeblood.lu\/pt-pt\/wp-json\/wp\/v2\/pages\/77243"}],"collection":[{"href":"https:\/\/safeblood.lu\/pt-pt\/wp-json\/wp\/v2\/pages"}],"about":[{"href":"https:\/\/safeblood.lu\/pt-pt\/wp-json\/wp\/v2\/types\/page"}],"author":[{"embeddable":true,"href":"https:\/\/safeblood.lu\/pt-pt\/wp-json\/wp\/v2\/users\/2"}],"replies":[{"embeddable":true,"href":"https:\/\/safeblood.lu\/pt-pt\/wp-json\/wp\/v2\/comments?post=77243"}],"version-history":[{"count":9,"href":"https:\/\/safeblood.lu\/pt-pt\/wp-json\/wp\/v2\/pages\/77243\/revisions"}],"predecessor-version":[{"id":81501,"href":"https:\/\/safeblood.lu\/pt-pt\/wp-json\/wp\/v2\/pages\/77243\/revisions\/81501"}],"wp:attachment":[{"href":"https:\/\/safeblood.lu\/pt-pt\/wp-json\/wp\/v2\/media?parent=77243"}],"curies":[{"name":"wp","href":"https:\/\/api.w.org\/{rel}","templated":true}]}}