{"id":82179,"date":"2026-04-14T20:50:28","date_gmt":"2026-04-14T18:50:28","guid":{"rendered":"https:\/\/safeblood.lu\/?page_id=82179"},"modified":"2026-04-14T20:50:28","modified_gmt":"2026-04-14T18:50:28","slug":"login","status":"publish","type":"page","link":"https:\/\/safeblood.lu\/sk\/login\/","title":{"rendered":"Login"},"content":{"rendered":"[vc_row type=&#8220;in_container&#8220; full_screen_row_position=&#8220;middle&#8220; column_margin=&#8220;default&#8220; column_direction=&#8220;default&#8220; column_direction_tablet=&#8220;default&#8220; column_direction_phone=&#8220;default&#8220; scene_position=&#8220;center&#8220; text_color=&#8220;dark&#8220; text_align=&#8220;left&#8220; row_border_radius=&#8220;none&#8220; row_border_radius_applies=&#8220;bg&#8220; overlay_strength=&#8220;0.3&#8243; gradient_direction=&#8220;left_to_right&#8220; shape_divider_position=&#8220;bottom&#8220; bg_image_animation=&#8220;none&#8220;][vc_column column_padding=&#8220;no-extra-padding&#8220; column_padding_tablet=&#8220;inherit&#8220; column_padding_phone=&#8220;inherit&#8220; column_padding_position=&#8220;all&#8220; column_element_spacing=&#8220;default&#8220; background_color_opacity=&#8220;1&#8243; background_hover_color_opacity=&#8220;1&#8243; column_shadow=&#8220;none&#8220; column_border_radius=&#8220;none&#8220; column_link_target=&#8220;_self&#8220; gradient_direction=&#8220;left_to_right&#8220; overlay_strength=&#8220;0.3&#8243; width=&#8220;1\/1&#8243; tablet_width_inherit=&#8220;default&#8220; tablet_text_alignment=&#8220;default&#8220; phone_text_alignment=&#8220;default&#8220; bg_image_animation=&#8220;none&#8220; border_type=&#8220;simple&#8220; column_border_width=&#8220;none&#8220; column_border_style=&#8220;solid&#8220;][vc_column_text]<div class=\"login\" id=\"wpfep-login-form\">\n\n\t\n\t\n\t<form name=\"loginform\" class=\"wpfep-login-form\" id=\"loginform\" action=\"\" method=\"post\">\n\t\t<p>\n\t\t\t<label for=\"wpfep-user_login\">U\u017e\u00edvate\u013esk\u00e9 meno alebo e-mail<\/label>\n\t\t\t<input type=\"text\" name=\"log\" id=\"wpfep-user_login\" class=\"input\" value=\"\" size=\"20\" \/>\n\t\t<\/p>\n\t\t<p>\n\t\t\t<label for=\"wpfep-user_pass\">Heslo<\/label>\n\t\t\t<input type=\"password\" name=\"pwd\" id=\"wpfep-user_pass\" class=\"input\" value=\"\" size=\"20\" \/>\n\t\t<\/p>\n\t\t\t\t\t\t<p class=\"forgetmenot\">\n\t\t\t<input name=\"rememberme\" type=\"checkbox\" id=\"wpfep-rememberme\" value=\"forever\" \/>\n\t\t\t<label for=\"wpfep-rememberme\">Pam\u00e4ta\u0165 si ma<\/label>\n\t\t<\/p>\n\n\t\t<p class=\"submit\">\n\t\t\t<input type=\"submit\" name=\"wp-submit\" id=\"wp-submit\" value=\"Prihl\u00e1si\u0165 sa\" \/>\n\t\t\t<input type=\"hidden\" name=\"redirect_to\" value=\"\" \/>\n\t\t\t<input type=\"hidden\" name=\"wpfep_login\" value=\"true\" \/>\n\t\t\t<input type=\"hidden\" name=\"action\" value=\"login\" \/>\n\t\t\t<input type=\"hidden\" id=\"_wpnonce\" name=\"_wpnonce\" value=\"d6fe0531db\" \/><input type=\"hidden\" name=\"_wp_http_referer\" value=\"\/sk\/wp-json\/wp\/v2\/pages\/82179\" \/>\t\t<\/p>\n\t\t<p>\n\t\t\t\t\t<\/p>\n\t<\/form>\n\n\t<a href=\"https:\/\/safeblood.lu\/login\/?action=lostpassword\">Zabudnut\u00e9 heslo<\/a><\/div>\n[\/vc_column_text][\/vc_column][\/vc_row]\n","protected":false},"excerpt":{"rendered":"<p>[vc_row type=&#8220;in_container&#8220; full_screen_row_position=&#8220;middle&#8220; column_margin=&#8220;default&#8220; column_direction=&#8220;default&#8220; column_direction_tablet=&#8220;default&#8220; column_direction_phone=&#8220;default&#8220; scene_position=&#8220;center&#8220; text_color=&#8220;dark&#8220; text_align=&#8220;left&#8220; row_border_radius=&#8220;none&#8220; row_border_radius_applies=&#8220;bg&#8220; overlay_strength=&#8220;0.3&#8243; gradient_direction=&#8220;left_to_right&#8220; shape_divider_position=&#8220;bottom&#8220; bg_image_animation=&#8220;none&#8220;][vc_column column_padding=&#8220;no-extra-padding&#8220; column_padding_tablet=&#8220;inherit&#8220; column_padding_phone=&#8220;inherit&#8220; column_padding_position=&#8220;all&#8220; column_element_spacing=&#8220;default&#8220; background_color_opacity=&#8220;1&#8243; background_hover_color_opacity=&#8220;1&#8243; column_shadow=&#8220;none&#8220; column_border_radius=&#8220;none&#8220; column_link_target=&#8220;_self&#8220; gradient_direction=&#8220;left_to_right&#8220; overlay_strength=&#8220;0.3&#8243; width=&#8220;1\/1&#8243; tablet_width_inherit=&#8220;default&#8220;&#8230;<\/p>\n","protected":false},"author":2,"featured_media":0,"parent":0,"menu_order":0,"comment_status":"closed","ping_status":"closed","template":"","meta":[],"_links":{"self":[{"href":"https:\/\/safeblood.lu\/sk\/wp-json\/wp\/v2\/pages\/82179"}],"collection":[{"href":"https:\/\/safeblood.lu\/sk\/wp-json\/wp\/v2\/pages"}],"about":[{"href":"https:\/\/safeblood.lu\/sk\/wp-json\/wp\/v2\/types\/page"}],"author":[{"embeddable":true,"href":"https:\/\/safeblood.lu\/sk\/wp-json\/wp\/v2\/users\/2"}],"replies":[{"embeddable":true,"href":"https:\/\/safeblood.lu\/sk\/wp-json\/wp\/v2\/comments?post=82179"}],"version-history":[{"count":1,"href":"https:\/\/safeblood.lu\/sk\/wp-json\/wp\/v2\/pages\/82179\/revisions"}],"predecessor-version":[{"id":82180,"href":"https:\/\/safeblood.lu\/sk\/wp-json\/wp\/v2\/pages\/82179\/revisions\/82180"}],"wp:attachment":[{"href":"https:\/\/safeblood.lu\/sk\/wp-json\/wp\/v2\/media?parent=82179"}],"curies":[{"name":"wp","href":"https:\/\/api.w.org\/{rel}","templated":true}]}}